{"id":21,"date":"2025-11-19T19:56:15","date_gmt":"2025-11-19T19:56:15","guid":{"rendered":"http:\/\/192.168.0.126\/?page_id=21"},"modified":"2025-11-24T16:11:36","modified_gmt":"2025-11-24T16:11:36","slug":"3d-print-balkongklips","status":"publish","type":"page","link":"https:\/\/design.sandoe.no\/","title":{"rendered":"Sand\u00f8 Design"},"content":{"rendered":"\n<div class=\"wp-block-group has-global-padding is-layout-constrained wp-block-group-is-layout-constrained\">\n<div class=\"wp-block-columns is-layout-flex wp-container-core-columns-is-layout-28f84493 wp-block-columns-is-layout-flex\">\n<div class=\"wp-block-column is-layout-flow wp-block-column-is-layout-flow\" style=\"flex-basis:100%\">\n<h2 class=\"wp-block-heading\">3D-printede klips for lyslenker til balkongrekker<\/h2>\n<\/div>\n<\/div>\n<\/div>\n\n\n\n<div class=\"wp-block-group alignfull has-global-padding is-layout-constrained wp-container-core-group-is-layout-b25ccd55 wp-block-group-is-layout-constrained\" style=\"margin-top:0;margin-bottom:0;padding-top:var(--wp--preset--spacing--50);padding-right:var(--wp--preset--spacing--50);padding-bottom:var(--wp--preset--spacing--50);padding-left:var(--wp--preset--spacing--50)\">\n<div class=\"wp-block-columns alignwide is-layout-flex wp-container-core-columns-is-layout-ff4b9c61 wp-block-columns-is-layout-flex\" style=\"margin-top:0;margin-bottom:0\">\n<div class=\"wp-block-column is-layout-flow wp-container-core-column-is-layout-8a368f38 wp-block-column-is-layout-flow\">\n<figure class=\"wp-block-image size-large is-style-rounded is-style-rounded--1\"><img loading=\"lazy\" decoding=\"async\" width=\"1024\" height=\"677\" src=\"http:\/\/192.168.0.126\/wp-content\/uploads\/2025\/11\/klips-naerbilde-1-1024x677.png\" alt=\"\" class=\"wp-image-24\" style=\"aspect-ratio:4\/3;object-fit:cover\" srcset=\"https:\/\/design.sandoe.no\/wp-content\/uploads\/2025\/11\/klips-naerbilde-1-1024x677.png 1024w, https:\/\/design.sandoe.no\/wp-content\/uploads\/2025\/11\/klips-naerbilde-1-300x198.png 300w, https:\/\/design.sandoe.no\/wp-content\/uploads\/2025\/11\/klips-naerbilde-1-768x507.png 768w, https:\/\/design.sandoe.no\/wp-content\/uploads\/2025\/11\/klips-naerbilde-1-1536x1015.png 1536w, https:\/\/design.sandoe.no\/wp-content\/uploads\/2025\/11\/klips-naerbilde-1.png 1836w\" sizes=\"auto, (max-width: 1024px) 100vw, 1024px\" \/><\/figure>\n\n\n\n<div style=\"height:var(--wp--preset--spacing--50)\" aria-hidden=\"true\" class=\"wp-block-spacer\"><\/div>\n\n\n\n<figure class=\"wp-block-image size-large is-style-rounded is-style-rounded--2\"><img loading=\"lazy\" decoding=\"async\" width=\"807\" height=\"605\" src=\"http:\/\/192.168.0.126\/wp-content\/uploads\/2025\/11\/klips-demo1-edited-2.jpg\" alt=\"\" class=\"wp-image-30\" style=\"aspect-ratio:0.75;object-fit:cover\" srcset=\"https:\/\/design.sandoe.no\/wp-content\/uploads\/2025\/11\/klips-demo1-edited-2.jpg 807w, https:\/\/design.sandoe.no\/wp-content\/uploads\/2025\/11\/klips-demo1-edited-2-300x225.jpg 300w, https:\/\/design.sandoe.no\/wp-content\/uploads\/2025\/11\/klips-demo1-edited-2-768x576.jpg 768w\" sizes=\"auto, (max-width: 807px) 100vw, 807px\" \/><\/figure>\n<\/div>\n\n\n\n<div class=\"wp-block-column is-layout-flow wp-container-core-column-is-layout-8a368f38 wp-block-column-is-layout-flow\">\n<div style=\"height:var(--wp--preset--spacing--50)\" aria-hidden=\"true\" class=\"wp-block-spacer\"><\/div>\n\n\n\n<figure class=\"wp-block-image size-large is-style-rounded is-style-rounded--3\"><img loading=\"lazy\" decoding=\"async\" width=\"1024\" height=\"768\" src=\"http:\/\/192.168.0.126\/wp-content\/uploads\/2025\/11\/klips-hjorne-naerbilde-1-1024x768.jpg\" alt=\"\" class=\"wp-image-25\" style=\"aspect-ratio:3\/4;object-fit:cover\" srcset=\"https:\/\/design.sandoe.no\/wp-content\/uploads\/2025\/11\/klips-hjorne-naerbilde-1-1024x768.jpg 1024w, https:\/\/design.sandoe.no\/wp-content\/uploads\/2025\/11\/klips-hjorne-naerbilde-1-300x225.jpg 300w, https:\/\/design.sandoe.no\/wp-content\/uploads\/2025\/11\/klips-hjorne-naerbilde-1-768x576.jpg 768w, https:\/\/design.sandoe.no\/wp-content\/uploads\/2025\/11\/klips-hjorne-naerbilde-1-1536x1152.jpg 1536w, https:\/\/design.sandoe.no\/wp-content\/uploads\/2025\/11\/klips-hjorne-naerbilde-1.jpg 1920w\" sizes=\"auto, (max-width: 1024px) 100vw, 1024px\" \/><\/figure>\n\n\n\n<div style=\"height:var(--wp--preset--spacing--50)\" aria-hidden=\"true\" class=\"wp-block-spacer\"><\/div>\n\n\n\n<figure class=\"wp-block-image size-large is-style-rounded is-style-rounded--4\"><img loading=\"lazy\" decoding=\"async\" width=\"1024\" height=\"473\" src=\"http:\/\/192.168.0.126\/wp-content\/uploads\/2025\/11\/klisp-demo2-1024x473.jpg\" alt=\"\" class=\"wp-image-27\" style=\"aspect-ratio:1;object-fit:cover\" srcset=\"https:\/\/design.sandoe.no\/wp-content\/uploads\/2025\/11\/klisp-demo2-1024x473.jpg 1024w, https:\/\/design.sandoe.no\/wp-content\/uploads\/2025\/11\/klisp-demo2-300x139.jpg 300w, https:\/\/design.sandoe.no\/wp-content\/uploads\/2025\/11\/klisp-demo2-768x355.jpg 768w, https:\/\/design.sandoe.no\/wp-content\/uploads\/2025\/11\/klisp-demo2.jpg 1279w\" sizes=\"auto, (max-width: 1024px) 100vw, 1024px\" \/><\/figure>\n<\/div>\n<\/div>\n<\/div>\n\n\n\n<h2 class=\"wp-block-heading\">Enkel montering\/demontering \u2013 helt uten bruk av verkt\u00f8y<\/h2>\n\n\n\n<p>V\u00e5re 3D-printede klips gj\u00f8r det enkelt \u00e5 henge opp lyslenker eller andre dekorasjoner p\u00e5 balkongen. Slitesterke, v\u00e6rbestandige og gjenbrukbare \u2013 perfekt for \u00e5 skape stemning uten \u00e5 bore eller skade rekkverket. Klipset klikkes bare p\u00e5 rekka og s\u00e5 kan ledningen tres ned i holderen, enten p\u00e5 innsiden eller p\u00e5 yttersiden av rekkverket.<\/p>\n\n\n\n<div class=\"wp-block-buttons is-content-justification-center is-layout-flex wp-container-core-buttons-is-layout-a89b3969 wp-block-buttons-is-layout-flex\">\n<div class=\"wp-block-button\"><a class=\"wp-block-button__link wp-element-button\">Bestill via kontaktskjema<\/a><\/div>\n<\/div>\n","protected":false},"excerpt":{"rendered":"<p>3D-printede klips for lyslenker til balkongrekker Enkel montering\/demontering \u2013 helt uten bruk av verkt\u00f8y V\u00e5re 3D-printede klips gj\u00f8r det enkelt \u00e5 henge opp lyslenker eller andre dekorasjoner p\u00e5 balkongen. Slitesterke, v\u00e6rbestandige og gjenbrukbare \u2013 perfekt for \u00e5 skape stemning uten \u00e5 bore eller skade rekkverket. Klipset klikkes bare p\u00e5 rekka og s\u00e5 kan ledningen tres [&hellip;]<\/p>\n","protected":false},"author":1,"featured_media":0,"parent":0,"menu_order":0,"comment_status":"closed","ping_status":"closed","template":"","meta":{"footnotes":""},"class_list":["post-21","page","type-page","status-publish","hentry"],"_links":{"self":[{"href":"https:\/\/design.sandoe.no\/index.php\/wp-json\/wp\/v2\/pages\/21","targetHints":{"allow":["GET"]}}],"collection":[{"href":"https:\/\/design.sandoe.no\/index.php\/wp-json\/wp\/v2\/pages"}],"about":[{"href":"https:\/\/design.sandoe.no\/index.php\/wp-json\/wp\/v2\/types\/page"}],"author":[{"embeddable":true,"href":"https:\/\/design.sandoe.no\/index.php\/wp-json\/wp\/v2\/users\/1"}],"replies":[{"embeddable":true,"href":"https:\/\/design.sandoe.no\/index.php\/wp-json\/wp\/v2\/comments?post=21"}],"version-history":[{"count":5,"href":"https:\/\/design.sandoe.no\/index.php\/wp-json\/wp\/v2\/pages\/21\/revisions"}],"predecessor-version":[{"id":46,"href":"https:\/\/design.sandoe.no\/index.php\/wp-json\/wp\/v2\/pages\/21\/revisions\/46"}],"wp:attachment":[{"href":"https:\/\/design.sandoe.no\/index.php\/wp-json\/wp\/v2\/media?parent=21"}],"curies":[{"name":"wp","href":"https:\/\/api.w.org\/{rel}","templated":true}]}}